{"id":4650,"date":"2018-08-21T16:23:53","date_gmt":"2018-08-21T19:23:53","guid":{"rendered":"http:\/\/www.sincomerciovc.com.br\/v3\/?page_id=4650"},"modified":"2018-08-21T16:23:53","modified_gmt":"2018-08-21T19:23:53","slug":"missao-e-visao","status":"publish","type":"page","link":"https:\/\/www.sincomerciovc.com.br\/v3\/missao-e-visao\/","title":{"rendered":"Miss\u00e3o e Vis\u00e3o"},"content":{"rendered":"<p><img decoding=\"async\" loading=\"lazy\" class=\"alignnone size-full wp-image-4651\" src=\"http:\/\/www.sincomerciovc.com.br\/v3\/wp-content\/uploads\/2018\/08\/sincomercio_eventos1.jpg\" alt=\"\" width=\"700\" height=\"444\" srcset=\"https:\/\/www.sincomerciovc.com.br\/v3\/wp-content\/uploads\/2018\/08\/sincomercio_eventos1.jpg 700w, https:\/\/www.sincomerciovc.com.br\/v3\/wp-content\/uploads\/2018\/08\/sincomercio_eventos1-300x190.jpg 300w, https:\/\/www.sincomerciovc.com.br\/v3\/wp-content\/uploads\/2018\/08\/sincomercio_eventos1-696x441.jpg 696w, https:\/\/www.sincomerciovc.com.br\/v3\/wp-content\/uploads\/2018\/08\/sincomercio_eventos1-662x420.jpg 662w\" sizes=\"(max-width: 700px) 100vw, 700px\" \/><\/p>\n<h3>Nossa Miss\u00e3o<\/h3>\n<p>Representar e defender de forma \u00e9tica a classe patronal do Com\u00e9rcio Varejista e Atacadista de Vit\u00f3ria da Conquista, promovendo o desenvolvimento social, pol\u00edtico e econ\u00f4mico.<\/p>\n<h3>Nossa Vis\u00e3o<\/h3>\n<p>Ser refer\u00eancia para os empres\u00e1rios de Vit\u00f3ria da Conquista como um Sindicato Patronal atuante, fortalecendo e ampliando as conquistas da classe.<\/p>\n","protected":false},"excerpt":{"rendered":"<p>Nossa Miss\u00e3o Representar e defender de forma \u00e9tica a classe patronal do Com\u00e9rcio Varejista e Atacadista de Vit\u00f3ria da Conquista, promovendo o desenvolvimento social, pol\u00edtico e econ\u00f4mico. Nossa Vis\u00e3o Ser refer\u00eancia para os empres\u00e1rios de Vit\u00f3ria da Conquista como um Sindicato Patronal atuante, fortalecendo e ampliando as conquistas da classe.<\/p>\n","protected":false},"author":1,"featured_media":0,"parent":0,"menu_order":0,"comment_status":"closed","ping_status":"closed","template":"","meta":[],"_links":{"self":[{"href":"https:\/\/www.sincomerciovc.com.br\/v3\/wp-json\/wp\/v2\/pages\/4650"}],"collection":[{"href":"https:\/\/www.sincomerciovc.com.br\/v3\/wp-json\/wp\/v2\/pages"}],"about":[{"href":"https:\/\/www.sincomerciovc.com.br\/v3\/wp-json\/wp\/v2\/types\/page"}],"author":[{"embeddable":true,"href":"https:\/\/www.sincomerciovc.com.br\/v3\/wp-json\/wp\/v2\/users\/1"}],"replies":[{"embeddable":true,"href":"https:\/\/www.sincomerciovc.com.br\/v3\/wp-json\/wp\/v2\/comments?post=4650"}],"version-history":[{"count":1,"href":"https:\/\/www.sincomerciovc.com.br\/v3\/wp-json\/wp\/v2\/pages\/4650\/revisions"}],"predecessor-version":[{"id":4652,"href":"https:\/\/www.sincomerciovc.com.br\/v3\/wp-json\/wp\/v2\/pages\/4650\/revisions\/4652"}],"wp:attachment":[{"href":"https:\/\/www.sincomerciovc.com.br\/v3\/wp-json\/wp\/v2\/media?parent=4650"}],"curies":[{"name":"wp","href":"https:\/\/api.w.org\/{rel}","templated":true}]}}