{"id":2396,"date":"2014-11-24T13:18:38","date_gmt":"2014-11-24T16:18:38","guid":{"rendered":"http:\/\/www.sincomerciovc.com.br\/v2\/?page_id=2396"},"modified":"2022-08-17T19:42:01","modified_gmt":"2022-08-17T22:42:01","slug":"convenios","status":"publish","type":"page","link":"https:\/\/www.sincomerciovc.com.br\/v3\/convenios\/","title":{"rendered":"Conv\u00eanios"},"content":{"rendered":"<h1><a href=\"http:\/\/www.sincomerciovc.com.br\/v2\/convenios\/fainor\/\">Fainor<\/a><\/h1>\n<p><img decoding=\"async\" class=\"alignright size-full wp-image-126\" src=\"http:\/\/www.sincomerciovc.com.br\/v2\/wp-content\/uploads\/2009\/11\/fainor_logo1.gif\" alt=\"fainor_logo\" width=\"169\" \/><\/p>\n<p>Foi celebrado conv\u00eanio entre a FAINOR (Faculdade Independente do Nordeste) e este sindicato, para os funcion\u00e1rios das empresas associadas ao Sincom\u00e9rciovc que re\u00fanam condi\u00e7\u00f5es para serem alunos da Fainor:<\/p>\n<p>\u2022\u00a0 Desconto de at\u00e9 20% (vinte por cento) sobre o valor das mensalidades, nos cursos de gradua\u00e7\u00e3o e p\u00f3s-gradua\u00e7\u00e3o, com exce\u00e7\u00e3o da taxa de matr\u00edcula que ser\u00e1 paga integralmente.<\/p>\n<p><strong><a href=\"http:\/\/www.sincomerciovc.com.br\/v2\/convenios\/fainor\/\">\/\/ Saiba mais<\/a><\/strong><\/p>\n<h1><a href=\"http:\/\/www.sincomerciovc.com.br\/v2\/convenios\/ftc\/\">UniFTC<\/a><a href=\"http:\/\/www.sincomerciovc.com.br\/v3\/wp-content\/uploads\/2022\/01\/Logo-Uniftc.jpeg\"><img decoding=\"async\" loading=\"lazy\" class=\"wp-image-5722 alignright\" src=\"http:\/\/www.sincomerciovc.com.br\/v3\/wp-content\/uploads\/2022\/01\/Logo-Uniftc-300x137.jpeg\" alt=\"\" width=\"221\" height=\"101\" srcset=\"https:\/\/www.sincomerciovc.com.br\/v3\/wp-content\/uploads\/2022\/01\/Logo-Uniftc-300x137.jpeg 300w, https:\/\/www.sincomerciovc.com.br\/v3\/wp-content\/uploads\/2022\/01\/Logo-Uniftc-768x351.jpeg 768w, https:\/\/www.sincomerciovc.com.br\/v3\/wp-content\/uploads\/2022\/01\/Logo-Uniftc-1024x468.jpeg 1024w, https:\/\/www.sincomerciovc.com.br\/v3\/wp-content\/uploads\/2022\/01\/Logo-Uniftc-696x318.jpeg 696w, https:\/\/www.sincomerciovc.com.br\/v3\/wp-content\/uploads\/2022\/01\/Logo-Uniftc-1068x488.jpeg 1068w, https:\/\/www.sincomerciovc.com.br\/v3\/wp-content\/uploads\/2022\/01\/Logo-Uniftc-919x420.jpeg 919w, https:\/\/www.sincomerciovc.com.br\/v3\/wp-content\/uploads\/2022\/01\/Logo-Uniftc.jpeg 1280w\" sizes=\"(max-width: 221px) 100vw, 221px\" \/><\/a><\/h1>\n<p>O Sindicato do Com\u00e9rcio Varejista e Atacadista de Vit\u00f3ria da Conquista comunica aos seus associados que firmou Conv\u00eanio com a FTC \u2013 Faculdade\u00a0de Tecnologia e Ci\u00eancias \u2013 EAD, que tem por objetivo principal atrav\u00e9s deste termo de compromisso conv\u00eanio, a concess\u00e3o de descontos em mensalidades nos cursos de gradua\u00e7\u00e3o, gradua\u00e7\u00e3o EAD, p\u00f3s-gradua\u00e7\u00e3o, p\u00f3s-gradua\u00e7\u00e3o EAD, Extens\u00e3o, treinamentos corporativos, mestrado, eschola.com.<\/p>\n<p><strong><a href=\"http:\/\/www.sincomerciovc.com.br\/v2\/convenios\/ftc\/\">\/\/ Saiba mais<\/a><\/strong><\/p>\n<p>&nbsp;<\/p>\n<h1>QUALICORP<img decoding=\"async\" loading=\"lazy\" class=\" wp-image-3421 alignright\" src=\"http:\/\/www.sincomerciovc.com.br\/v2\/wp-content\/uploads\/2014\/11\/Qualicorp-300x187.jpg\" alt=\"qualicorp\" width=\"165\" height=\"103\" \/><\/h1>\n<p>A Qualicorp Administradora de Benef\u00edcios S\/A \u00e9\u00a0l\u00edder brasileiro na comercializa\u00e7\u00e3o e administra\u00e7\u00e3o de planos de sa\u00fade coletivos e servi\u00e7os em sa\u00fade. Seu objetivo \u00e9\u00a0 ampliar o acesso das pessoas \u00e0 sa\u00fade de qualidade. Oferece seguros de sa\u00fade, planos de sa\u00fade e odontol\u00f3gico, al\u00e9m de servi\u00e7os complementares de assist\u00eancia \u00e0 sa\u00fade,\u00a0para empregados e empregadores (pessoa f\u00edsica) e seus dependentes.<\/p>\n<h1>KONTRIP<img decoding=\"async\" loading=\"lazy\" class=\"wp-image-4740 alignright\" src=\"http:\/\/www.sincomerciovc.com.br\/v3\/wp-content\/uploads\/2018\/09\/Kontrip.jpg\" alt=\"\" width=\"150\" height=\"150\" srcset=\"https:\/\/www.sincomerciovc.com.br\/v3\/wp-content\/uploads\/2018\/09\/Kontrip.jpg 225w, https:\/\/www.sincomerciovc.com.br\/v3\/wp-content\/uploads\/2018\/09\/Kontrip-150x150.jpg 150w\" sizes=\"(max-width: 150px) 100vw, 150px\" \/><\/h1>\n<p>Ag\u00eancia de viagens on-line exclusiva para micro, pequenas e m\u00e9dias empresas. Os associados do Sincom\u00e9rciovc podem adquirir passagens a\u00e9rea, hospedagem e loca\u00e7\u00e3o de ve\u00edculos a pre\u00e7os especiais. \u00c9 indispens\u00e1vel. ao cadastrar-se no site www.kontrip.com.br, inserir o c\u00f3digo #SINCOMERCIOVC.<\/p>\n<h1>Compe\u00e7as\u00a0 \u00a0 \u00a0 \u00a0 \u00a0 \u00a0 \u00a0 \u00a0 \u00a0 <a href=\"http:\/\/www.sincomerciovc.com.br\/v3\/wp-content\/uploads\/2022\/01\/Logo-Compe\u00e7as.png\"><img decoding=\"async\" loading=\"lazy\" class=\"wp-image-5723 alignright\" src=\"http:\/\/www.sincomerciovc.com.br\/v3\/wp-content\/uploads\/2022\/01\/Logo-Compe\u00e7as-300x68.png\" alt=\"\" width=\"220\" height=\"50\" srcset=\"https:\/\/www.sincomerciovc.com.br\/v3\/wp-content\/uploads\/2022\/01\/Logo-Compe\u00e7as-300x68.png 300w, https:\/\/www.sincomerciovc.com.br\/v3\/wp-content\/uploads\/2022\/01\/Logo-Compe\u00e7as.png 611w\" sizes=\"(max-width: 220px) 100vw, 220px\" \/><\/a><\/h1>\n<p>Os associados do Sincom\u00e9rciovc tem descontos na Compe\u00e7as, uma das maiores empresas da regi\u00e3o sudoeste da Bahia em pe\u00e7as, pneus e servi\u00e7os para ve\u00edculos leves e pesados.<\/p>\n<ul>\n<li>Desconto de 10% na compra de pe\u00e7as e pneus<\/li>\n<li>Desconto de 20% nos servi\u00e7os de alinhamento e balanceamento<\/li>\n<li>Desconto de 5% nos lubrificantes<\/li>\n<\/ul>\n<p>Obs: Caso alguns desses itens estejam em promo\u00e7\u00e3o o menor valor ser\u00e1 respeitado, o desconto n\u00e3o ser\u00e1 cumulativo.<\/p>\n","protected":false},"excerpt":{"rendered":"<p>Fainor Foi celebrado conv\u00eanio entre a FAINOR (Faculdade Independente do Nordeste) e este sindicato, para os funcion\u00e1rios das empresas associadas ao Sincom\u00e9rciovc que re\u00fanam condi\u00e7\u00f5es para serem alunos da Fainor: \u2022\u00a0 Desconto de at\u00e9 20% (vinte por cento) sobre o valor das mensalidades, nos cursos de gradua\u00e7\u00e3o e p\u00f3s-gradua\u00e7\u00e3o, com exce\u00e7\u00e3o da taxa de matr\u00edcula [&hellip;]<\/p>\n","protected":false},"author":1,"featured_media":0,"parent":0,"menu_order":0,"comment_status":"closed","ping_status":"open","template":"","meta":[],"_links":{"self":[{"href":"https:\/\/www.sincomerciovc.com.br\/v3\/wp-json\/wp\/v2\/pages\/2396"}],"collection":[{"href":"https:\/\/www.sincomerciovc.com.br\/v3\/wp-json\/wp\/v2\/pages"}],"about":[{"href":"https:\/\/www.sincomerciovc.com.br\/v3\/wp-json\/wp\/v2\/types\/page"}],"author":[{"embeddable":true,"href":"https:\/\/www.sincomerciovc.com.br\/v3\/wp-json\/wp\/v2\/users\/1"}],"replies":[{"embeddable":true,"href":"https:\/\/www.sincomerciovc.com.br\/v3\/wp-json\/wp\/v2\/comments?post=2396"}],"version-history":[{"count":8,"href":"https:\/\/www.sincomerciovc.com.br\/v3\/wp-json\/wp\/v2\/pages\/2396\/revisions"}],"predecessor-version":[{"id":5847,"href":"https:\/\/www.sincomerciovc.com.br\/v3\/wp-json\/wp\/v2\/pages\/2396\/revisions\/5847"}],"wp:attachment":[{"href":"https:\/\/www.sincomerciovc.com.br\/v3\/wp-json\/wp\/v2\/media?parent=2396"}],"curies":[{"name":"wp","href":"https:\/\/api.w.org\/{rel}","templated":true}]}}