{"id":2288,"date":"2009-09-12T13:28:04","date_gmt":"2009-09-12T16:28:04","guid":{"rendered":"http:\/\/www.angelasousa.com.br\/v1\/?page_id=2"},"modified":"2024-07-08T10:49:42","modified_gmt":"2024-07-08T13:49:42","slug":"diretoria","status":"publish","type":"page","link":"https:\/\/www.sincomerciovc.com.br\/v3\/diretoria\/","title":{"rendered":"Diretoria"},"content":{"rendered":"<p><strong>Presidente &#8211;<\/strong> Jo\u00e3o Luiz dos Santos Jesus<br \/>\n<strong> Vice-Presidente &#8211;<\/strong> Salatiel Ara\u00fajo Mateus<br \/>\n<strong>Secret\u00e1rio &#8211;<\/strong> J\u00falio Cesar Fernandes Cairo<br \/>\n<strong>Tesoureiro &#8211;<\/strong>\u00a0<del>C\u00edcero Pereira do Amorim<\/del> &#8211; falecido em 04-12-2023<br \/>\n<strong><del>Suplente<\/del> &#8211;<\/strong> Mozart Bulh\u00f5es Ferreira &#8211; empossado como <strong>Tesoureiro<\/strong> em 11-12-2023<br \/>\n<strong>Suplente &#8211;<\/strong> Gedel Pereira do Couto<\/p>\n<p><strong>Conselho Fiscal<\/strong><\/p>\n<p>Francisco F\u00e9lix de Jesus Andrade<br \/>\nRoberto Wagner Soares Gomes<br \/>\nPaulo Cesar Correia de Andrade<br \/>\nJos\u00e9 Aliomar Amorim Botelho (suplente)<br \/>\nArlindo Bulh\u00f5es de Santana (suplente)<br \/>\n<del>H\u00e9lio Ribeiro Santos (suplente)<\/del> &#8211; falecido em 27-08-2023<\/p>\n<p><strong>Conselho de Representantes<\/strong><\/p>\n<p>Jo\u00e3o Luiz dos Santos Jesus<br \/>\nMozart Bulh\u00f5es Ferreira<br \/>\nJ\u00falio Cesar Fernandes Cairo (suplente)<br \/>\nFrancisco F\u00e9lix de jesus Andrade (suplente)<\/p>\n<p>&nbsp;<\/p>\n","protected":false},"excerpt":{"rendered":"<p>Presidente &#8211; Jo\u00e3o Luiz dos Santos Jesus Vice-Presidente &#8211; Salatiel Ara\u00fajo Mateus Secret\u00e1rio &#8211; J\u00falio Cesar Fernandes Cairo Tesoureiro &#8211;\u00a0C\u00edcero Pereira do Amorim &#8211; falecido em 04-12-2023 Suplente &#8211; Mozart Bulh\u00f5es Ferreira &#8211; empossado como Tesoureiro em 11-12-2023 Suplente &#8211; Gedel Pereira do Couto Conselho Fiscal Francisco F\u00e9lix de Jesus Andrade Roberto Wagner Soares Gomes [&hellip;]<\/p>\n","protected":false},"author":1,"featured_media":0,"parent":0,"menu_order":1,"comment_status":"closed","ping_status":"closed","template":"","meta":[],"_links":{"self":[{"href":"https:\/\/www.sincomerciovc.com.br\/v3\/wp-json\/wp\/v2\/pages\/2288"}],"collection":[{"href":"https:\/\/www.sincomerciovc.com.br\/v3\/wp-json\/wp\/v2\/pages"}],"about":[{"href":"https:\/\/www.sincomerciovc.com.br\/v3\/wp-json\/wp\/v2\/types\/page"}],"author":[{"embeddable":true,"href":"https:\/\/www.sincomerciovc.com.br\/v3\/wp-json\/wp\/v2\/users\/1"}],"replies":[{"embeddable":true,"href":"https:\/\/www.sincomerciovc.com.br\/v3\/wp-json\/wp\/v2\/comments?post=2288"}],"version-history":[{"count":10,"href":"https:\/\/www.sincomerciovc.com.br\/v3\/wp-json\/wp\/v2\/pages\/2288\/revisions"}],"predecessor-version":[{"id":6373,"href":"https:\/\/www.sincomerciovc.com.br\/v3\/wp-json\/wp\/v2\/pages\/2288\/revisions\/6373"}],"wp:attachment":[{"href":"https:\/\/www.sincomerciovc.com.br\/v3\/wp-json\/wp\/v2\/media?parent=2288"}],"curies":[{"name":"wp","href":"https:\/\/api.w.org\/{rel}","templated":true}]}}