{"id":112,"date":"2009-11-12T10:21:47","date_gmt":"2009-11-12T13:21:47","guid":{"rendered":"http:\/\/sinc.webtiva.com.br\/?page_id=92"},"modified":"2026-04-14T18:30:08","modified_gmt":"2026-04-14T21:30:08","slug":"convencao","status":"publish","type":"page","link":"https:\/\/www.sincomerciovc.com.br\/v3\/convencao\/","title":{"rendered":"Conven\u00e7\u00f5es Coletivas"},"content":{"rendered":"<p><strong>2026<\/strong><\/p>\n<p><span style=\"color: #000000;\"><a style=\"color: #000000;\" href=\"https:\/\/www.sincomerciovc.com.br\/v3\/wp-content\/uploads\/2026\/01\/Convencao-Coletiva-de-Trabalho-2026-2027.pdf\" target=\"_blank\" rel=\"noopener\">Conven\u00e7\u00e3o Coletiva SECVC 2026-2027<\/a><\/span><\/p>\n<p><span style=\"color: #000000;\"><a style=\"color: #000000;\" href=\"https:\/\/www.sincomerciovc.com.br\/v3\/wp-content\/uploads\/2026\/03\/Primeiro-Termo-Aditivo-CCT-2026-2027-SECVC-multa.pdf\" target=\"_blank\" rel=\"noopener\">Primeiro Termo Aditivo \u00e0 CCT SECVC 2026-2027<\/a><\/span><\/p>\n<p><span style=\"background-color: #000000;\"><a style=\"background-color: #000000;\" href=\"https:\/\/www.sincomerciovc.com.br\/v3\/wp-content\/uploads\/2026\/01\/Acordo-Coletivo-2026-Shopping-Conquista-Sul.pdf\" target=\"_blank\" rel=\"noopener\"><span style=\"background-color: #ffffff; color: #000000;\">Acordo Coletivo 2026 Shopping Conquista Su<\/span><\/a><\/span><a href=\"https:\/\/www.sincomerciovc.com.br\/v3\/wp-content\/uploads\/2026\/01\/Acordo-Coletivo-2026-Shopping-Conquista-Sul.pdf\" target=\"_blank\" rel=\"noopener\"><span style=\"color: #000000;\">l\u00a0<\/span><\/a><\/p>\n<p><span style=\"color: #000000;\"><a style=\"color: #000000;\" href=\"https:\/\/www.sincomerciovc.com.br\/v3\/wp-content\/uploads\/2026\/03\/CCT-Sintrapet-2026-2028.pdf\" target=\"_blank\" rel=\"noopener\">Conven\u00e7\u00e3o Coletiva Sintrapet 2026-2028<\/a><\/span><\/p>\n<p><span style=\"color: #000000;\"><a style=\"color: #000000;\" href=\"https:\/\/www.sincomerciovc.com.br\/v3\/wp-content\/uploads\/2026\/04\/Primeiro-Termo-Aditivo-CCT-Sintrapet-2026-2028.pdf\" target=\"_blank\" rel=\"noopener\">Primeiro Termo Aditivo \u00e0 CCT Sintrapet 2026-2028<\/a><\/span><\/p>\n<p><strong>2025<\/strong><\/p>\n<p><span style=\"color: #000000;\"><a style=\"color: #000000;\" href=\"https:\/\/www.sincomerciovc.com.br\/v3\/wp-content\/uploads\/2025\/01\/Termo-Aditivo-CCT-2024-2025.pdf\" target=\"_blank\" rel=\"noopener\">Termo Aditivo \u00e0 Conven\u00e7\u00e3o SECVC 2024-2025<\/a><\/span><\/p>\n<p><span style=\"color: #000000;\"><a style=\"color: #000000;\" href=\"https:\/\/www.sincomerciovc.com.br\/v3\/wp-content\/uploads\/2025\/05\/Convencao-Sintracap-2025-2027.pdf\" target=\"_blank\" rel=\"noopener\">Conven\u00e7\u00e3o Coletiva Sintracap 2025<\/a><a style=\"color: #000000;\" href=\"https:\/\/www.sincomerciovc.com.br\/v3\/wp-content\/uploads\/2025\/05\/Convencao-Sintracap-2025-2027.pdf\" target=\"_blank\" rel=\"noopener\">-2027<\/a><\/span><\/p>\n<p><span style=\"color: #000000;\"><a style=\"color: #000000;\" href=\"https:\/\/www.sincomerciovc.com.br\/v3\/wp-content\/uploads\/2025\/01\/Acordo-Coletivo-Conquista-Sul-2025.pdf\" target=\"_blank\" rel=\"noopener\">Acordo Coletivo 2025 Shopping Conquista Sul<\/a><\/span><\/p>\n<p><strong>2024<\/strong><\/p>\n<p><span style=\"color: #000000;\"><a style=\"color: #000000;\" href=\"https:\/\/www.sincomerciovc.com.br\/v3\/wp-content\/uploads\/2024\/01\/Convencao-Coletiva-2024-2025-reg.pdf\" target=\"_blank\" rel=\"noopener\">Conven\u00e7\u00e3o Coletiva SECVC 2024-2025<\/a><\/span><\/p>\n<p><span style=\"color: #000000;\"><a style=\"color: #000000;\" href=\"https:\/\/www.sincomerciovc.com.br\/v3\/wp-content\/uploads\/2024\/01\/Acordo-Coletivo-Conquista-Sul-2024.pdf\" target=\"_blank\" rel=\"noopener\">Acordo Coletivo 2024 Shopping Conquista Sul<\/a><\/span><\/p>\n<p><span style=\"color: #000000;\"><a style=\"color: #000000;\" href=\"https:\/\/www.sincomerciovc.com.br\/v3\/wp-content\/uploads\/2024\/07\/Termo-Aditivo-Sintracap-2024.pdf\" target=\"_blank\" rel=\"noopener\">Termo Aditivo Sintracap 2024<\/a><\/span><\/p>\n<p><strong>2023<\/strong><\/p>\n<p><span style=\"color: #000000;\"><a style=\"color: #000000;\" href=\"http:\/\/www.sincomerciovc.com.br\/v3\/wp-content\/uploads\/2023\/01\/Termo-Aditivo-CCT-2022-2023.-pisos-aux\u00edlio.pdf\" target=\"_blank\" rel=\"noopener\">Termo Aditivo SECVC 2023<\/a><\/span><\/p>\n<p><span style=\"color: #000000;\"><a style=\"color: #000000;\" href=\"https:\/\/www.sincomerciovc.com.br\/v3\/wp-content\/uploads\/2023\/05\/Convencao-Coletiva-2023-2025-Sintracap.pdf\" target=\"_blank\" rel=\"noopener\">Conven\u00e7\u00e3o Coletiva Sintracap 2023-2025<\/a><\/span><\/p>\n<p><span style=\"color: #000000;\"><a style=\"color: #000000;\" href=\"http:\/\/www.sincomerciovc.com.br\/v3\/wp-content\/uploads\/2023\/01\/Acordo-Coletivo-Conquista-Sul-2023.pdf\" target=\"_blank\" rel=\"noopener\">Acordo Coletivo 2023 Shopping Conquista Sul<\/a><\/span><\/p>\n<p><span style=\"color: #000000;\"><a style=\"color: #000000;\" href=\"https:\/\/www.sincomerciovc.com.br\/v3\/wp-content\/uploads\/2023\/04\/Termo-Aditivo-Shopping-Conquista-Sul-2023.pdf\" target=\"_blank\" rel=\"noopener\">Termo Aditivo ao Acordo 2023 &#8211; Shopping Conquista Sul<\/a><\/span><\/p>\n<p><strong>2022<\/strong><\/p>\n<p><span style=\"color: #000000;\"><a style=\"color: #000000;\" href=\"http:\/\/www.sincomerciovc.com.br\/v3\/wp-content\/uploads\/2022\/01\/Conven\u00e7\u00e3o-Coletiva-2022-2023.pdf\" target=\"_blank\" rel=\"noopener\">Conven\u00e7\u00e3o Coletiva SECVC 2022\/2023<\/a><\/span><\/p>\n<p><span style=\"color: #000000;\"><a style=\"color: #000000;\" href=\"http:\/\/www.sincomerciovc.com.br\/v3\/wp-content\/uploads\/2022\/01\/Acordo-Coletivo-Shopping-Conquista-Sul-2022.pdf\" target=\"_blank\" rel=\"noopener\">Acordo Coletivo Shopping Conquista Sul 2022<\/a><\/span><\/p>\n<p><span style=\"color: #000000;\"><a style=\"color: #000000;\" href=\"http:\/\/www.sincomerciovc.com.br\/v3\/wp-content\/uploads\/2022\/01\/Acordo-Coletivo-Boulevard-2022.pdf\" target=\"_blank\" rel=\"noopener\">Acordo Coletivo Boulevard Shopping 2022<\/a><\/span><\/p>\n<p><span style=\"color: #000000;\"><a style=\"color: #000000;\" href=\"http:\/\/www.sincomerciovc.com.br\/v3\/wp-content\/uploads\/2022\/08\/Termo-Aditivo-Sintracap-2022.pdf\" target=\"_blank\" rel=\"noopener\">Termo Aditivo Sintracap 2022<\/a><\/span><\/p>\n<p><strong>Anteriores<\/strong><\/p>\n<p><span style=\"color: #000000;\"><a style=\"color: #000000;\" href=\"http:\/\/www.sincomerciovc.com.br\/v3\/wp-content\/uploads\/2021\/06\/Conven\u00e7\u00e3o-Sintracap-2021-2023.pdf\" target=\"_blank\" rel=\"noopener\">Conven\u00e7\u00e3o Sintracap 2021-2023<\/a><\/span><\/p>\n<p><span style=\"color: #000000;\"><a style=\"color: #000000;\" href=\"http:\/\/www.sincomerciovc.com.br\/v3\/wp-content\/uploads\/2021\/04\/Acordo-Coletivo-Boulevard-Shopping-2021.pdf\" target=\"_blank\" rel=\"noopener\">Acordo Coletivo Boulevard Shopping 2021<\/a><\/span><\/p>\n<p><span style=\"color: #000000;\"><a style=\"color: #000000;\" href=\"http:\/\/www.sincomerciovc.com.br\/v3\/wp-content\/uploads\/2021\/04\/Acordo-Coletivo-Shopping-Conquista-Sul-2021.pdf\" target=\"_blank\" rel=\"noopener\">Acordo-Coletivo-Shopping-Conquista-Sul-2021<\/a><\/span><\/p>\n<p><span style=\"color: #000000;\"><a style=\"color: #000000;\" href=\"http:\/\/www.sincomerciovc.com.br\/v3\/wp-content\/uploads\/2020\/01\/Conven\u00e7\u00e3o-Coletiva-2020-2021.pdf\" target=\"_blank\" rel=\"noopener\">Conven\u00e7\u00e3o Coletiva SECVC 2020\/2021<\/a><\/span><\/p>\n<p><span style=\"color: #000000;\"><a style=\"color: #000000;\" href=\"http:\/\/www.sincomerciovc.com.br\/v3\/wp-content\/uploads\/2020\/02\/Termo-Aditivo-CCT-2020-2021-pisos.pdf\" target=\"_blank\" rel=\"noopener\">\u00a0 \u00a0 \u00a0 \u00a0 \u00a0 Termo Aditivo \u00e0 Conven\u00e7\u00e3o Coletiva 2020\/2021 &#8211; fevereiro\/2020<\/a><\/span><\/p>\n<p><span style=\"color: #000000;\"><a style=\"color: #000000;\" href=\"http:\/\/www.sincomerciovc.com.br\/v3\/wp-content\/uploads\/2020\/03\/Termo-Aditivo-Emergencial-2020-1.pdf\" target=\"_blank\" rel=\"noopener\">\u00a0 \u00a0 \u00a0 \u00a0 \u00a0 Termo Aditivo Emergencial &#8211; Covid-19<\/a><\/span><\/p>\n<p><span style=\"color: #000000;\"><a style=\"color: #000000;\" href=\"http:\/\/www.sincomerciovc.com.br\/v3\/wp-content\/uploads\/2020\/04\/2-Termo-Aditivo-Emegencial-2020.pdf\" target=\"_blank\" rel=\"noopener\">\u00a0 \u00a0 \u00a0 \u00a0 \u00a02\u00ba Termo Aditivo Emergencial &#8211; Covid-19<\/a><\/span><\/p>\n<p><span style=\"color: #000000;\"><a style=\"color: #000000;\" href=\"http:\/\/www.sincomerciovc.com.br\/v3\/wp-content\/uploads\/2020\/05\/3-TERMO-ADITIVO-EMERGENCIAL-A-CONVENCAO-COLETIVA.pdf\" target=\"_blank\" rel=\"noopener\">\u00a0 \u00a0 \u00a0 \u00a0 3\u00ba Termo Aditivo Emergencial &#8211; Covid-19<\/a><\/span><\/p>\n<p><span style=\"color: #000000;\"><a style=\"color: #000000;\" href=\"http:\/\/www.sincomerciovc.com.br\/v3\/wp-content\/uploads\/2021\/05\/4\u00ba-Termo-Aditivo-Emergencial-13o.pdf\" target=\"_blank\" rel=\"noopener\">\u00a0 \u00a0 \u00a0 \u00a0 4\u00ba Termo Aditivo Emergencial &#8211; Covid-19 &#8211; 20\/05\/2021<\/a><\/span><\/p>\n<p><span style=\"color: #000000;\"><a style=\"color: #000000;\" href=\"http:\/\/www.sincomerciovc.com.br\/v3\/wp-content\/uploads\/2021\/01\/Novo-Termo-Aditivo-\u00e0-CCT-2020-2021-Reajuste-anual.pdf\" target=\"_blank\" rel=\"noopener\">\u00a0 \u00a0 \u00a0 \u00a0 \u00a0Termo Aditivo \u00e0 Conven\u00e7\u00e3o 2020-2021 &#8211; janeiro\/2021\u00a0\u00a0<\/a><\/span><\/p>\n<p><span style=\"color: #000000;\"><a style=\"color: #000000;\" href=\"http:\/\/www.sincomerciovc.com.br\/v3\/wp-content\/uploads\/2021\/02\/Termo-Aditivo-CCT-2020-2021-Dia-do-Comerci\u00e1rio.pdf\" target=\"_blank\" rel=\"noopener\">\u00a0 \u00a0 \u00a0 \u00a0 \u00a0Termo-Aditivo \u00e0 Conven\u00e7\u00e3o 2020-2021 &#8211; Dia do Comerci\u00e1rio 2021<\/a><\/span><\/p>\n<p><span style=\"color: #000000;\"><a style=\"color: #000000;\" href=\"http:\/\/www.sincomerciovc.com.br\/v3\/wp-content\/uploads\/2019\/10\/Conven\u00e7\u00e3o-Coletiva-2019-2021-Sintracap.pdf\" target=\"_blank\" rel=\"noopener\">\u00a0Conven\u00e7\u00e3o Sintracap 2019-2021<\/a><\/span><\/p>\n<p><span style=\"color: #000000;\"><a style=\"color: #000000;\" href=\"http:\/\/www.sincomerciovc.com.br\/v3\/wp-content\/uploads\/2020\/09\/Termo-Aditivo-Sintracap-2020.pdf\" target=\"_blank\" rel=\"noopener\">\u00a0 \u00a0 \u00a0 \u00a0 \u00a0 Termo Aditivo Sintracap 2020<\/a><\/span><\/p>\n<p><span style=\"color: #000000;\"><a style=\"color: #000000;\" href=\"http:\/\/www.sincomerciovc.com.br\/v3\/wp-content\/uploads\/2019\/01\/Conven\u00e7\u00e3o-Coletiva-2019-1.pdf\" target=\"_blank\" rel=\"noopener\">Conven\u00e7\u00e3o Coletiva 2019<\/a><\/span><\/p>\n<p><span style=\"color: #000000;\"><a style=\"color: #000000;\" href=\"http:\/\/www.sincomerciovc.com.br\/v3\/wp-content\/uploads\/2019\/03\/Termo-Aditivo-2019-Conquista-Sul.pdf\" target=\"_blank\" rel=\"noopener\">\u00a0 \u00a0 \u00a0 \u00a0 \u00a0Termo Aditivo Shopping Conquista Sul 2019<\/a><\/span><\/p>\n<p><span style=\"color: #000000;\"><a style=\"color: #000000;\" href=\"http:\/\/www.sincomerciovc.com.br\/v3\/wp-content\/uploads\/2019\/11\/termo-aditivo-a-conven%C3%A7%C3%A3o-boulevard-shopping.pdf\" target=\"_blank\" rel=\"noopener\">\u00a0 \u00a0 \u00a0 \u00a0 \u00a0Termo Aditivo Boulevard Shopping 2019<\/a><\/span><\/p>\n<p><span style=\"color: #000000;\"><a style=\"color: #000000;\" href=\"http:\/\/www.sincomerciovc.com.br\/v2\/wp-content\/uploads\/2018\/04\/Conven\u00e7\u00e3o-Coletiva-2018-MTE.pdf\" target=\"_blank\" rel=\"noopener\">Conven\u00e7\u00e3o Coletiva 2018<\/a><\/span><\/p>\n<p><span style=\"color: #000000;\"><a style=\"color: #000000;\" href=\"http:\/\/www.sincomerciovc.com.br\/v2\/wp-content\/uploads\/2009\/11\/Termo-Aditivo-Sintracap-2018.pdf\" target=\"_blank\" rel=\"noopener\">\u00a0 \u00a0 \u00a0 \u00a0 \u00a0Termo Aditivo Sintracap 2018<\/a><\/span><\/p>\n<p><span style=\"color: #000000;\"><a style=\"color: #000000;\" href=\"http:\/\/www.sincomerciovc.com.br\/v2\/wp-content\/uploads\/2009\/11\/Termo-Aditivo-Conq-Sul-2018.pdf\" target=\"_blank\" rel=\"noopener\">\u00a0 \u00a0 \u00a0 \u00a0 \u00a0Termo Aditivo Shopping Conquista Sul 2018<\/a><\/span><\/p>\n<p><span style=\"color: #000000;\"><a style=\"color: #000000;\" href=\"http:\/\/www.sincomerciovc.com.br\/v3\/wp-content\/uploads\/2018\/12\/Boulevard-Shopping-Termo-aditivo-2018.pdf\" target=\"_blank\" rel=\"noopener\">\u00a0 \u00a0 \u00a0 \u00a0 \u00a0Termo Aditivo Boulevard Shopping 2018<\/a><\/span><\/p>\n<p><span style=\"color: #000000;\"><a style=\"color: #000000;\" href=\"http:\/\/www.sincomerciovc.com.br\/v2\/wp-content\/uploads\/2017\/01\/Conven\u00e7\u00e3o-Coletiva-20172.pdf\">Conven\u00e7\u00e3o Coletiva 2017<\/a><\/span><\/p>\n<p style=\"padding-left: 60px;\"><span style=\"color: #000000;\"><a style=\"color: #000000;\" href=\"http:\/\/www.sincomerciovc.com.br\/v2\/wp-content\/uploads\/2009\/11\/Termo-Aditivo-2017.pdf\">Termo Aditivo \u00e0 Conven\u00e7\u00e3o Coletiva 2017<\/a><\/span><\/p>\n<p><span style=\"color: #000000;\"><a style=\"color: #000000;\" href=\"http:\/\/www.sincomerciovc.com.br\/v2\/wp-content\/uploads\/2017\/06\/Conven\u00e7\u00e3o-Sintracap-2017_2019.pdf\" target=\"_blank\" rel=\"noopener\">Conven\u00e7\u00e3o Sintracap 2017-2019<\/a><\/span><\/p>\n<p><span style=\"color: #000000;\"><a style=\"color: #000000;\" href=\"http:\/\/www.sincomerciovc.com.br\/v2\/wp-content\/uploads\/2009\/11\/Conquista-Sul-2017.pdf\" target=\"_blank\" rel=\"noopener\">Termo Aditivo Shopping Conquista Sul 2017<\/a><\/span><\/p>\n<p><span style=\"color: #000000;\"><a style=\"color: #000000;\" href=\"http:\/\/www.sincomerciovc.com.br\/v2\/wp-content\/uploads\/2016\/01\/Conven\u00e7\u00e3o-Coletiva-2016.pdf\" target=\"_blank\" rel=\"noopener\">Conven\u00e7\u00e3o Coletiva 2016<\/a><\/span><\/p>\n<p style=\"padding-left: 60px;\"><span style=\"color: #000000;\"><a style=\"color: #000000;\" href=\"http:\/\/www.sincomerciovc.com.br\/v2\/wp-content\/uploads\/2016\/09\/Termo-Aditivo-2016.pdf\">Termo Aditivo \u00e0 Conven\u00e7\u00e3o Coletiva 2016<\/a><\/span><\/p>\n<p><span style=\"color: #000000;\"><a style=\"color: #000000;\" href=\"http:\/\/www.sincomerciovc.com.br\/v2\/wp-content\/uploads\/2015\/01\/Conven\u00e7\u00e3o-Coletiva-2015.pdf\">Conven\u00e7\u00e3o Coletiva 2015<\/a><\/span><\/p>\n<p><span style=\"color: #000000;\"><a style=\"color: #000000;\" href=\"http:\/\/www.sincomerciovc.com.br\/v2\/wp-content\/uploads\/2014\/01\/Conven\u00e7\u00e3o-Coletiva-2014.pdf\" target=\"_blank\" rel=\"noopener\">Conven\u00e7\u00e3o Coletiva 2014<\/a><\/span><\/p>\n<p><span style=\"color: #000000;\"><a style=\"color: #000000;\" href=\"http:\/\/www.sincomerciovc.com.br\/v2\/wp-content\/uploads\/2013\/01\/Conven\u00e7\u00e3o-2013.pdf\" target=\"_blank\" rel=\"noopener\">Conven\u00e7\u00e3o Coletiva 2013<\/a><\/span><\/p>\n<p><span style=\"color: #000000;\"><a style=\"color: #000000;\" href=\"http:\/\/www.sincomerciovc.com.br\/v2\/wp-content\/uploads\/2012\/01\/cc2012.pdf\" target=\"_blank\" rel=\"noopener\">Conven\u00e7\u00e3o Coletiva 201<\/a><a style=\"color: #000000;\" href=\"http:\/\/www.sincomerciovc.com.br\/v2\/wp-content\/uploads\/2011\/01\/Conven\u00e7\u00e3o-Coletiva-2011.pdf\" target=\"_blank\" rel=\"noopener\">2<\/a><\/span><\/p>\n<p><span style=\"color: #000000;\"><a style=\"color: #000000;\" href=\"http:\/\/www.sincomerciovc.com.br\/v2\/wp-content\/uploads\/2011\/01\/Conven\u00e7\u00e3o-Coletiva-2011.pdf\" target=\"_blank\" rel=\"noopener\">Conven\u00e7\u00e3o Coletiva 2011<\/a><\/span><\/p>\n<p><span style=\"color: #000000;\">&#8211; \u00a0 \u00a0 \u00a0 \u00a0 \u00a0<a style=\"color: #000000;\" href=\"http:\/\/www.sincomerciovc.com.br\/v2\/wp-content\/uploads\/2011\/06\/Terrmo-Aditivo-2011-clausula-14.pdf\" target=\"_blank\" rel=\"noopener\">Termo aditivo Cl\u00e1usula 14\u00aa<\/a><\/span><\/p>\n<p><span style=\"color: #000000;\"><a style=\"color: #000000;\" href=\"http:\/\/www.sincomerciovc.com.br\/v2\/wp-content\/uploads\/2010\/01\/Conven\u00e7\u00e3o-Coletiva-2010.pdf\" target=\"_blank\" rel=\"noopener\">Conven\u00e7\u00e3o Coletiva 2010<\/a>.<\/span><\/p>\n<p><span style=\"color: #000000;\"><a style=\"color: #000000;\" href=\"http:\/\/www.sincomerciovc.com.br\/v2\/wp-content\/uploads\/2009\/11\/Conven\u00e7\u00e3o-Coletiva-20091.pdf\" target=\"_blank\" rel=\"noopener\">Conven\u00e7\u00e3o Coletiva 2009<\/a>.<\/span><\/p>\n<p><span style=\"color: #000000;\"><a style=\"color: #000000;\" href=\"http:\/\/www.sincomerciovc.com.br\/v2\/wp-content\/uploads\/2009\/11\/Conven\u00e7\u00e3o-Coletiva-08-091.pdf\" target=\"_blank\" rel=\"noopener\">Conven\u00e7\u00e3o Coletiva 2008\/2009<\/a><\/span><\/p>\n<p>&nbsp;<\/p>\n<p>&nbsp;<\/p>\n","protected":false},"excerpt":{"rendered":"<p>2026 Conven\u00e7\u00e3o Coletiva SECVC 2026-2027 Primeiro Termo Aditivo \u00e0 CCT SECVC 2026-2027 Acordo Coletivo 2026 Shopping Conquista Sul\u00a0 Conven\u00e7\u00e3o Coletiva Sintrapet 2026-2028 Primeiro Termo Aditivo \u00e0 CCT Sintrapet 2026-2028 2025 Termo Aditivo \u00e0 Conven\u00e7\u00e3o SECVC 2024-2025 Conven\u00e7\u00e3o Coletiva Sintracap 2025-2027 Acordo Coletivo 2025 Shopping Conquista Sul 2024 Conven\u00e7\u00e3o Coletiva SECVC 2024-2025 Acordo Coletivo 2024 Shopping [&hellip;]<\/p>\n","protected":false},"author":1,"featured_media":0,"parent":0,"menu_order":2,"comment_status":"closed","ping_status":"open","template":"","meta":[],"_links":{"self":[{"href":"https:\/\/www.sincomerciovc.com.br\/v3\/wp-json\/wp\/v2\/pages\/112"}],"collection":[{"href":"https:\/\/www.sincomerciovc.com.br\/v3\/wp-json\/wp\/v2\/pages"}],"about":[{"href":"https:\/\/www.sincomerciovc.com.br\/v3\/wp-json\/wp\/v2\/types\/page"}],"author":[{"embeddable":true,"href":"https:\/\/www.sincomerciovc.com.br\/v3\/wp-json\/wp\/v2\/users\/1"}],"replies":[{"embeddable":true,"href":"https:\/\/www.sincomerciovc.com.br\/v3\/wp-json\/wp\/v2\/comments?post=112"}],"version-history":[{"count":93,"href":"https:\/\/www.sincomerciovc.com.br\/v3\/wp-json\/wp\/v2\/pages\/112\/revisions"}],"predecessor-version":[{"id":6722,"href":"https:\/\/www.sincomerciovc.com.br\/v3\/wp-json\/wp\/v2\/pages\/112\/revisions\/6722"}],"wp:attachment":[{"href":"https:\/\/www.sincomerciovc.com.br\/v3\/wp-json\/wp\/v2\/media?parent=112"}],"curies":[{"name":"wp","href":"https:\/\/api.w.org\/{rel}","templated":true}]}}