{"id":110,"date":"2009-11-12T10:15:54","date_gmt":"2009-11-12T13:15:54","guid":{"rendered":"http:\/\/sinc.webtiva.com.br\/?page_id=87"},"modified":"2026-05-06T17:41:09","modified_gmt":"2026-05-06T20:41:09","slug":"legislacao","status":"publish","type":"page","link":"https:\/\/www.sincomerciovc.com.br\/v3\/legislacao\/","title":{"rendered":"Legisla\u00e7\u00e3o"},"content":{"rendered":"<p><a href=\"http:\/\/www.planalto.gov.br\/ccivil_03\/constituicao\/ConstituicaoCompilado.htm\" target=\"_blank\" rel=\"noopener\">&#8211; Constitui\u00e7\u00e3o Federal &#8211;\u00a0<\/a><\/p>\n<p><a href=\"http:\/\/www.planalto.gov.br\/ccivil_03\/Decreto-Lei\/Del5452.htm\" target=\"_blank\" rel=\"noopener\">&#8211; Consolida\u00e7\u00e3o das Leis do Trabalho (CLT) &#8211;<\/a><\/p>\n<p><a href=\"https:\/\/www.planalto.gov.br\/ccivil_03\/_ato2015-2018\/2017\/lei\/l13467.htm\" target=\"_blank\" rel=\"noopener\">&#8211; Reforma Trabalhista &#8211;<\/a> Lei n\u00ba 13.467 de 13\/07\/2017<\/p>\n<p><a href=\"http:\/\/www.planalto.gov.br\/ccivil_03\/leis\/L8078.htm\" target=\"_blank\" rel=\"noopener\">&#8211; C\u00f3digo de Defesa do Consumidor<strong>\u00a0<\/strong><\/a>&#8211; Lei n\u00ba 8.078\u00a0 de 11\/09\/1990<\/p>\n<p><a href=\"http:\/\/www.planalto.gov.br\/ccivil_03\/leis\/L8213cons.htm\" target=\"_blank\" rel=\"noopener\">&#8211; Lei de Benef\u00edcios da Previd\u00eancia Social<\/a> &#8211; Lei n\u00ba 8.213 de 24\/07\/1991<\/p>\n<p>&#8211;\u00a0<a href=\"https:\/\/www.sincomerciovc.com.br\/v3\/wp-content\/uploads\/2025\/01\/Lei-ordinaria-942-1998-Vitoria-da-conquista-BA.pdf\" target=\"_blank\" rel=\"noopener\"><span style=\"font-size: 13px;\">Lei Municipal n\u00ba 942\/1998<\/span><\/a><span style=\"font-size: 13px;\">\u00a0\u00a0&#8211;\u00a0<\/span>Disp\u00f5e sobre o funcionamento do com\u00e9rcio no munic\u00edpio de Vit\u00f3ria da Conquista<\/p>\n<p>&#8211; <a href=\"https:\/\/leismunicipais.com.br\/a1\/codigo-tributario-vitoria-da-conquista-ba\" target=\"_blank\" rel=\"noopener\">C\u00f3digo Tribut\u00e1rio Municipal<\/a> &#8211; Lei Complementar n\u00ba 2.645 de 21\/06\/2022<\/p>\n<p>&#8211; <a href=\"http:\/\/www.planalto.gov.br\/ccivil_03\/leis\/L0662.htm\" target=\"_blank\" rel=\"noopener\">Lei n\u00ba 662 de 06\/04\/1949<\/a> (Modificada pela <a href=\"http:\/\/www.planalto.gov.br\/CCIVIL_03\/\/LEIS\/2002\/L10607.htm\" target=\"_blank\" rel=\"noopener\">Lei n\u00ba 10.607<\/a>\u00a0 de 19\/12\/2002 \u2013 Disp\u00f5e sobre os feriados nacionais.<\/p>\n<p>&#8211; <a href=\"http:\/\/www.planalto.gov.br\/ccivil_03\/Leis\/L10101.htm\" target=\"_blank\" rel=\"noopener\">Lei n\u00ba 10.101 de 19\/12\/2000<\/a> \u2013 Disp\u00f5e sobre a participa\u00e7\u00e3o dos trabalhadores nos lucros das empresas e sobre o funcionamento do com\u00e9rcio aos domingos e feriados.<\/p>\n<p>&#8211; <a href=\"http:\/\/www.planalto.gov.br\/ccivil_03\/Leis\/LCP\/Lcp123.htm\" target=\"_blank\" rel=\"noopener\">Lei complementar n\u00ba 123 de 14\/12\/2006<\/a> &#8211; Institui o Estatuto da Microempresa e da Empresa de Pequeno Porte<\/p>\n<p>&#8211; <a href=\"http:\/\/www.planalto.gov.br\/CCIVIL_03\/LEIS\/LCP\/Lcp139.htm\" target=\"_blank\" rel=\"noopener\">Lei complementar n\u00ba 139 de 10\/11\/2011<\/a> &#8211; Altera a Lei Complementar 123 (Simples Nacional):<\/p>\n<p>&#8211; <a href=\"http:\/\/www.planalto.gov.br\/CCIVIL_03\/_Ato2011-2014\/2011\/Lei\/L12506.htm\" target=\"_blank\" rel=\"noopener\">Lei n\u00ba 12.506 de 11.10.2011<\/a> &#8211; Disp\u00f5e sobre o aviso pr\u00e9vio<\/p>\n<p><a href=\"http:\/\/www.planalto.gov.br\/ccivil_03\/_Ato2011-2014\/2013\/Lei\/L12790.htm\" target=\"_blank\" rel=\"noopener\">Lei n\u00ba 12.790 de 14\/03\/2013<\/a> &#8211; Regulamenta a profiss\u00e3o de comerci\u00e1rio<\/p>\n<p><a href=\"https:\/\/www.planalto.gov.br\/ccivil_03\/_ato2019-2022\/2021\/lei\/l14133.htm\" target=\"_blank\" rel=\"noopener\">Lei n\u00ba 14.133 de 01-04-2021<\/a> &#8211; Nova Lei Geral das Licita\u00e7\u00f5es<\/p>\n","protected":false},"excerpt":{"rendered":"<p>&#8211; Constitui\u00e7\u00e3o Federal &#8211;\u00a0 &#8211; Consolida\u00e7\u00e3o das Leis do Trabalho (CLT) &#8211; &#8211; Reforma Trabalhista &#8211; Lei n\u00ba 13.467 de 13\/07\/2017 &#8211; C\u00f3digo de Defesa do Consumidor\u00a0&#8211; Lei n\u00ba 8.078\u00a0 de 11\/09\/1990 &#8211; Lei de Benef\u00edcios da Previd\u00eancia Social &#8211; Lei n\u00ba 8.213 de 24\/07\/1991 &#8211;\u00a0Lei Municipal n\u00ba 942\/1998\u00a0\u00a0&#8211;\u00a0Disp\u00f5e sobre o funcionamento do com\u00e9rcio no [&hellip;]<\/p>\n","protected":false},"author":1,"featured_media":0,"parent":0,"menu_order":4,"comment_status":"closed","ping_status":"closed","template":"","meta":[],"_links":{"self":[{"href":"https:\/\/www.sincomerciovc.com.br\/v3\/wp-json\/wp\/v2\/pages\/110"}],"collection":[{"href":"https:\/\/www.sincomerciovc.com.br\/v3\/wp-json\/wp\/v2\/pages"}],"about":[{"href":"https:\/\/www.sincomerciovc.com.br\/v3\/wp-json\/wp\/v2\/types\/page"}],"author":[{"embeddable":true,"href":"https:\/\/www.sincomerciovc.com.br\/v3\/wp-json\/wp\/v2\/users\/1"}],"replies":[{"embeddable":true,"href":"https:\/\/www.sincomerciovc.com.br\/v3\/wp-json\/wp\/v2\/comments?post=110"}],"version-history":[{"count":17,"href":"https:\/\/www.sincomerciovc.com.br\/v3\/wp-json\/wp\/v2\/pages\/110\/revisions"}],"predecessor-version":[{"id":6731,"href":"https:\/\/www.sincomerciovc.com.br\/v3\/wp-json\/wp\/v2\/pages\/110\/revisions\/6731"}],"wp:attachment":[{"href":"https:\/\/www.sincomerciovc.com.br\/v3\/wp-json\/wp\/v2\/media?parent=110"}],"curies":[{"name":"wp","href":"https:\/\/api.w.org\/{rel}","templated":true}]}}